{"id":37,"date":"2017-02-14T19:35:11","date_gmt":"2017-02-14T18:35:11","guid":{"rendered":"https:\/\/apdengrenoble.wordpress.com\/adherer\/"},"modified":"2026-03-02T17:42:41","modified_gmt":"2026-03-02T16:42:41","slug":"adherer","status":"publish","type":"page","link":"https:\/\/www.apdengrenoble.org\/index.php\/adherer\/","title":{"rendered":"Nous rejoindre &#8211; (r\u00e9)adh\u00e9rer"},"content":{"rendered":"<p style=\"text-align: center;\"><a href=\"http:\/\/www.apdengrenoble.org\/wp-content\/uploads\/2025\/11\/bulletin_apden_2026.pdf\"><span style=\"color: #ff0000;\"><strong>Bulletin d&rsquo;adh\u00e9sion 2026<\/strong><\/span><\/a><\/p>\n<p style=\"text-align: center;\">ou<\/p>\n<p style=\"text-align: center;\"><a href=\"http:\/\/www.apdengrenoble.org\/wp-content\/uploads\/2025\/11\/bulletin_apden_2026-1.pdf\"><span style=\"color: #ff0000;\"><strong>Bulletin bienfaiteur 2026<\/strong><\/span><\/a><\/p>\n<p style=\"text-align: center;\">ou<\/p>\n<p style=\"text-align: center;\"><a href=\"https:\/\/www.helloasso.com\/associations\/apden-grenoble\/adhesions\/adhesion-2026\"><strong><span style=\"color: #ff0000;\">Paiement et adh\u00e9sion via Hello Asso<\/span><\/strong><\/a><\/p>\n<p>Association professionnelle g\u00e9r\u00e9e par des enseignants b\u00e9n\u00e9voles (sans d\u00e9charge), l&rsquo;Association des professeurs Documentalistes de l\u2019\u00c9ducation Nationale (ex FADBEN) se compose d\u2019une F\u00e9d\u00e9ration nationale et d&rsquo;associations acad\u00e9miques ; dans notre acad\u00e9mie, il s\u2019agit de l&rsquo;APDEN Acad\u00e9mie de Grenoble.<\/p>\n<h2>Pourquoi adh\u00e9rer ?<\/h2>\n<p>Adh\u00e9rer \u00e0 l&rsquo;APDEN, c&rsquo;est participer \u00e0 l&rsquo;\u00e9volution de notre m\u00e9tier, choisir d&rsquo;\u00eatre inform\u00e9-e, \u00eatre membre actif ou non. C&rsquo;est aussi \u00eatre libre de vivre son m\u00e9tier selon ses propres choix, tout en manifestant son int\u00e9r\u00eat pour celles et ceux qui \u0153uvrent, parall\u00e8lement \u00e0 leur travail, \u00e0 asseoir la profession dans ses sp\u00e9cificit\u00e9s et sa singularit\u00e9, \u00e0 se pr\u00e9parer aux mutations professionnelles futures. Adh\u00e9rer parce qu&rsquo;il est important de mutualiser nos efforts, nos comp\u00e9tences : <span style=\"text-decoration: underline;\">l&rsquo;union fait la force.<\/span><\/p>\n<p>En adh\u00e9rant, vous participez, indirectement ou non, \u00e0 mener des projets dont la vocation est de permettre \u00e0 tous et \u00e0 toutes de faire face aux mutations professionnelles : mettre en place une journ\u00e9e professionnelle acad\u00e9mique annuelle, repr\u00e9senter la profession aupr\u00e8s des instances acad\u00e9miques, entretenir des relations avec les organisations syndicales, alerter celles-ci sur les sp\u00e9cificit\u00e9s de notre m\u00e9tier, vous informer, etc.<\/p>\n<h2><strong>Comment adh\u00e9rer ?<\/strong><\/h2>\n<p>T\u00e9l\u00e9chargez le bulletin d&rsquo;adh\u00e9sion ci-dessus et renvoyez-le \u00e0 l&rsquo;adresse indiqu\u00e9e en joignant un ch\u00e8que de 35\u20ac \u00e0 l&rsquo;ordre \u00ab\u00a0APDEN Acad\u00e9mie de Grenoble\u00a0\u00bb.<\/p>\n<p>L&rsquo;adh\u00e9sion comprend la transmission par courriel ou par liste de diffusion des informations nationales et des actualit\u00e9s de l&rsquo;APDEN ainsi que l&rsquo;abonnement \u00e0 la revue semestrielle\u00a0<a title=\"La Fadben\" href=\"http:\/\/www.apden.org\/catalogue\">M\u00e9diadoc<\/a>.<\/p>\n<p>Tarif : 35\u20ac pour l&rsquo;ann\u00e9e civile.<\/p>\n<p>26\u20ac pour les stagiaires et les \u00e9tudiant.e.s<\/p>\n<h2>Ce qu&rsquo;adh\u00e9rer n&rsquo;est pas&#8230;<\/h2>\n<p>Contrairement \u00e0 certaines id\u00e9es re\u00e7ues, adh\u00e9rer \u00e0 l&rsquo;APDEN n&rsquo;est pas du militantisme syndical. Nous d\u00e9pensons de l&rsquo;\u00e9nergie pour que notre sp\u00e9cificit\u00e9 enseignante soit reconnue, par l&rsquo;institution, par nos directions et que nous puissions mettre nos comp\u00e9tences au service des \u00e9l\u00e8ves, chacun.e en fonction du contexte dans lequel il ou elle \u00e9volue.<\/p>\n","protected":false},"excerpt":{"rendered":"<p>Bulletin d&rsquo;adh\u00e9sion 2026 ou Bulletin bienfaiteur 2026 ou Paiement et adh\u00e9sion via Hello Asso Association professionnelle g\u00e9r\u00e9e par des enseignants b\u00e9n\u00e9voles (sans d\u00e9charge), l&rsquo;Association des professeurs Documentalistes de l\u2019\u00c9ducation Nationale (ex FADBEN) se compose d\u2019une F\u00e9d\u00e9ration nationale et d&rsquo;associations acad\u00e9miques ; dans notre acad\u00e9mie, il s\u2019agit de l&rsquo;APDEN Acad\u00e9mie de Grenoble. Pourquoi adh\u00e9rer ? Adh\u00e9rer &#8230; <a title=\"Nous rejoindre &#8211; (r\u00e9)adh\u00e9rer\" class=\"read-more\" href=\"https:\/\/www.apdengrenoble.org\/index.php\/adherer\/\" aria-label=\"En savoir plus sur Nous rejoindre &#8211; (r\u00e9)adh\u00e9rer\">Lire la suite<\/a><\/p>\n","protected":false},"author":1,"featured_media":0,"parent":0,"menu_order":0,"comment_status":"closed","ping_status":"closed","template":"","meta":{"spay_email":"","footnotes":""},"class_list":["post-37","page","type-page","status-publish"],"_links":{"self":[{"href":"https:\/\/www.apdengrenoble.org\/index.php\/wp-json\/wp\/v2\/pages\/37","targetHints":{"allow":["GET"]}}],"collection":[{"href":"https:\/\/www.apdengrenoble.org\/index.php\/wp-json\/wp\/v2\/pages"}],"about":[{"href":"https:\/\/www.apdengrenoble.org\/index.php\/wp-json\/wp\/v2\/types\/page"}],"author":[{"embeddable":true,"href":"https:\/\/www.apdengrenoble.org\/index.php\/wp-json\/wp\/v2\/users\/1"}],"replies":[{"embeddable":true,"href":"https:\/\/www.apdengrenoble.org\/index.php\/wp-json\/wp\/v2\/comments?post=37"}],"version-history":[{"count":21,"href":"https:\/\/www.apdengrenoble.org\/index.php\/wp-json\/wp\/v2\/pages\/37\/revisions"}],"predecessor-version":[{"id":659,"href":"https:\/\/www.apdengrenoble.org\/index.php\/wp-json\/wp\/v2\/pages\/37\/revisions\/659"}],"wp:attachment":[{"href":"https:\/\/www.apdengrenoble.org\/index.php\/wp-json\/wp\/v2\/media?parent=37"}],"curies":[{"name":"wp","href":"https:\/\/api.w.org\/{rel}","templated":true}]}}