{"id":152,"date":"2017-02-28T17:08:05","date_gmt":"2017-02-28T16:08:05","guid":{"rendered":"https:\/\/apdengrenoble.wordpress.com\/?page_id=152"},"modified":"2017-02-28T17:08:05","modified_gmt":"2017-02-28T16:08:05","slug":"credits-du-site-mentions-legales","status":"publish","type":"page","link":"https:\/\/www.apdengrenoble.org\/index.php\/credits-du-site-mentions-legales\/","title":{"rendered":"Cr\u00e9dits du site &#8211; Mentions l\u00e9gales"},"content":{"rendered":"<p><strong>En application de la loi n\u00b02004-575 du 21 juin 2004 relative \u00e0 la confiance dans l\u2019\u00e9conomie num\u00e9rique, vous trouverez ci-dessous les informations l\u00e9gales concernant ce site :\u00a0<\/strong><\/p>\n<div class=\"first column\">\n<div>\n<h3 class=\"spip\">Responsabilit\u00e9s<\/h3>\n<p>H\u00e9bergeur\u00a0:\u00a0http:\/\/wordpress.com<\/p>\n<p><strong>apdengrenoble.wordpress.com<\/strong>\u00a0est un site de l\u2019<span class=\"caps\">A.P.D.E.N. Grenoble\u00a0<\/span>(Association des professeurs documentalistes de l\u2019\u00e9ducation nationale dans l&rsquo;acad\u00e9mie de Grenoble &#8211; ex\u00a0<span class=\"caps\">FADBEN<\/span>), association loi 1901.<\/p>\n<p>Contact : grenoble@apden.org<\/p>\n<p>Directeur de publication\u00a0: Pr\u00e9sidente, Catherine Novel\u00a0&#8211; cnovel@laposte.net<\/p>\n<p>Webmaster\u00a0: Sylvie Girard &#8211; sgirard.apden@gmail.com<\/p>\n<h3 class=\"spip\">Donn\u00e9es personnelles<\/h3>\n<p>De mani\u00e8re g\u00e9n\u00e9rale, vous n\u2019\u00eates pas tenu de nous communiquer vos donn\u00e9es personnelles lorsque vous visitez notre site Internet\u00a0<a href=\"http:\/\/www.apdengrenoble.wordpress.com\" target=\"_blank\" rel=\"noopener noreferrer\">http:\/\/www.apdengrenoble.wordpress.com<\/a>.\u00a0Cependant, ce principe comporte certaines exceptions. En effet, pour certains services propos\u00e9s par notre site, vous pouvez \u00eatre amen\u00e9s \u00e0 nous communiquer certaines donn\u00e9es telles que : votre nom, votre fonction, le nom de votre soci\u00e9t\u00e9, votre adresse \u00e9lectronique, et votre num\u00e9ro de t\u00e9l\u00e9phone. Tel est le cas lorsque vous remplissez le formulaire qui vous est propos\u00e9 en ligne, dans la rubrique \u00ab contact \u00bb. Dans tous les cas, vous pouvez refuser de fournir vos donn\u00e9es personnelles. Dans ce cas, vous ne pourrez pas utiliser les services du site, notamment celui de solliciter des renseignements sur notre association, ou de recevoir les lettres d\u2019information. Enfin, nous pouvons collecter de mani\u00e8re automatique certaines informations vous concernant lors d\u2019une simple navigation sur notre site Internet, notamment : des informations concernant l\u2019utilisation de notre site, comme les zones que vous visitez et les services auxquels vous acc\u00e9dez, votre adresse IP, le type de votre navigateur, vos temps d&rsquo;acc\u00e8s. De telles informations sont utilis\u00e9es exclusivement \u00e0 des fins de statistiques internes, de mani\u00e8re \u00e0 am\u00e9liorer la qualit\u00e9 des services qui vous sont propos\u00e9s. Les bases de donn\u00e9es sont prot\u00e9g\u00e9es par les dispositions de la loi du 1er juillet 1998 transposant la directive 96\/9 du 11 mars 1996 relative \u00e0 la protection juridique des bases de donn\u00e9es.<\/p>\n<p>Conform\u00e9ment \u00e0 la loi \u00ab<small class=\"fine\">\u00a0<\/small>informatique et libert\u00e9s<small class=\"fine\">\u00a0<\/small>\u00bb, vous disposez d\u2019un droit d\u2019acc\u00e8s, de rectification et de suppression des donn\u00e9es qui vous concernent. Vous pouvez exercer ces droits en effectuant une demande par mail au webmaster.<\/p>\n<h3 class=\"spip\"><a id=\"droit-auteur-2\" name=\"droit-auteur-2\"><\/a><a id=\"a3\" name=\"a3\"><\/a>Droit d\u2019auteur<\/h3>\n<p>Ce site rel\u00e8ve de la l\u00e9gislation fran\u00e7aise et internationale sur le droit d\u2019auteur et la propri\u00e9t\u00e9 intellectuelle.<\/p>\n<p>Tous les droits de reproduction concernant les textes et les images produits par les r\u00e9dacteurs du site sont r\u00e9serv\u00e9s.<\/p>\n<h3 class=\"spip\"><a id=\"collecte-donnees-des-fins-commerciales-3\" name=\"collecte-donnees-des-fins-commerciales-3\"><\/a><a id=\"a4\" name=\"a4\"><\/a>Collecte de donn\u00e9es \u00e0 des fins commerciales<\/h3>\n<p>Il est formellement interdit de collecter et d\u2019utiliser les informations disponibles sur le site \u00e0 des fins commerciales.<\/p>\n<\/div>\n<\/div>\n<div class=\"last column\">\n<div class=\"split\">\n<p class=\"split\">Cette interdiction s\u2019\u00e9tend notamment, sans que cette liste ne soit limitative, \u00e0 tout \u00e9l\u00e9ment r\u00e9dactionnel figurant sur le site, \u00e0 la pr\u00e9sentation des \u00e9crans, aux logos, images, photos, graphiques, de quelque nature qu\u2019ils soient.<\/p>\n<h3 class=\"spip\"><a id=\"liens-hypertextes-sortants-4\" name=\"liens-hypertextes-sortants-4\"><\/a><a id=\"a5\" name=\"a5\"><\/a>Liens hypertextes sortants<\/h3>\n<p>Ce site contient des liens hypertextes permettant l\u2019acc\u00e8s \u00e0 des sites qui ne sont pas \u00e9dit\u00e9s par le responsable de apdengrenoble.wordpress.org. En cons\u00e9quence le directeur de publication ne saurait \u00eatre tenu pour responsable du contenu des sites auxquels l\u2019internaute aurait ainsi acc\u00e8s.<\/p>\n<h3 class=\"spip\"><a id=\"liens-hypertextes-entrants-5\" name=\"liens-hypertextes-entrants-5\"><\/a><a id=\"a6\" name=\"a6\"><\/a>Liens hypertextes entrants<\/h3>\n<p>A l\u2019exception de sites diffusant des informations et\/ou contenus ayant un caract\u00e8re ill\u00e9gal et\/ou \u00e0 caract\u00e8re politique, religieux, pornographique, x\u00e9nophobe, vous pouvez cr\u00e9er un lien hypertexte vers le site apden.org sur votre site.<\/p>\n<p>La mise en place de lien hypertexte n\u2019autorise en aucune fa\u00e7on la reproduction d\u2019\u00e9l\u00e9ments du Site ou la pr\u00e9sentation sur des sites tiers d\u2019\u00e9l\u00e9ments du Site sous forme de Frame ou syst\u00e8me apparent\u00e9.<\/p>\n<p>Enfin, la mise en place de lien hypertexte n\u2019autorise en aucune fa\u00e7on de proposer l\u2019envoi d\u2019un message pr\u00e9-r\u00e9dig\u00e9 \u00e0 une adresse mail li\u00e9e au Site ou la mise en place d\u2019un syst\u00e8me permettant l\u2019envoi massif de messages quelle qu\u2019en soit la nature.<\/p>\n<p>Tous les droits de reproduction sont r\u00e9serv\u00e9s.<\/p>\n<h3 class=\"spip\"><a id=\"propos-site-6\" name=\"propos-site-6\"><\/a><a id=\"a7\" name=\"a7\"><\/a>A propos de ce site<\/h3>\n<p>Ce site est h\u00e9berg\u00e9 par\u00a0<a href=\"http:\/\/wordpress.com\" target=\"_blank\" rel=\"noopener noreferrer\">wordpress.com<\/a><\/p>\n<p>Habillage du site\u00a0: th\u00e8me Twenty Eleven<\/p>\n<h3 class=\"spip\"><a id=\"graphismes-7\" name=\"graphismes-7\"><\/a><a id=\"a8\" name=\"a8\"><\/a>Graphismes<\/h3>\n<p>Les ic\u00f4nes, hormis celles indiquant le nom de l&rsquo;association\u00a0sont gratuits et libres de droit pour un usage non commercial<\/p>\n<p>Cr\u00e9dits photo de la banni\u00e8re du site :<\/p>\n<ul>\n<li>Mont-Blanc depuis Combloux, Saint-Hippo, en ligne sur\u00a0http:\/\/saint-hippolyte.chersparents.com\/2014\/07\/03\/depart-2\/1306597811_384952880\/<\/li>\n<li>Le lac aux vaches et la Grande Casse, Pralognan-la-Vanoise Forum, en ligne sur\u00a0<a href=\"http:\/\/www.pralognan-vanoise.com\/galerie\/?qa=423\/la-photo-qui-fait-r\u00eaver-bouquetin-devant-le-lac-des-vaches\">http:\/\/www.pralognan-vanoise.com\/galerie\/?qa=423\/la-photo-qui-fait-r\u00eaver-bouquetin-devant-le-lac-des-vaches<\/a><\/li>\n<li>T\u00e9l\u00e9ph\u00e9rique de Grenoble,Milky, en ligne sur\u00a0<a href=\"https:\/\/fr.wikipedia.org\/wiki\/Fichier:Telepherique_bas_Grenoble.JPG\">https:\/\/fr.wikipedia.org\/wiki\/Fichier:Telepherique_bas_Grenoble.JPG<\/a><\/li>\n<li>Palais id\u00e9al du Facteur Cheval, en ligne sur Wikip\u00e9dia\u00a0<a href=\"https:\/\/fr.wikipedia.org\/wiki\/Fichier:Facade_west_-_Palais_Ideal_-_DSC05824.JPG\">https:\/\/fr.wikipedia.org\/wiki\/Fichier:Facade_west_-_Palais_Ideal_-_DSC05824.JPG<\/a><\/li>\n<li>Pont d&rsquo;Arc,\u00a0alain@souleliac.fr pour le site\u00a0<a class=\"external free\" href=\"http:\/\/www.aventure-canoes.fr\/\" rel=\"nofollow\">http:\/\/www.aventure-canoes.fr<\/a>\u00a0en mai 2005, en ligne sur\u00a0<a href=\"https:\/\/commons.wikimedia.org\/wiki\/File:Pontdarc.jpg\">https:\/\/commons.wikimedia.org\/wiki\/File:Pontdarc.jpg<\/a><\/li>\n<li>Lavandes de Die,\u00a0Par Erwin Frederking, CC BY-SA 3.0, https:\/\/commons.wikimedia.org\/w\/index.php?curid=539549<\/li>\n<li>Viviers, le village et la cath\u00e9drale,\u00a0By MOSSOT (Own work) [GFDL (http:\/\/www.gnu.org\/copyleft\/fdl.html) or CC BY-SA 3.0 (http:\/\/creativecommons.org\/licenses\/by-sa\/3.0)], via Wikimedia Commons<\/li>\n<li>Manuguf, Combloux l&rsquo;\u00e9glise et son clocher, partag\u00e9 sous licence CC-BY-SA 3.0, disponible en ligne sur\u00a0<a href=\"https:\/\/fr.wikipedia.org\/wiki\/Clocher_\u00e0_bulbe#\/media\/File:Combloux,_Rh\u00f4ne-Alpes.jpg\" target=\"_blank\" rel=\"noopener noreferrer\">https:\/\/fr.wikipedia.org\/wiki\/Clocher_\u00e0_bulbe#\/media\/File:Combloux,_Rh\u00f4ne-Alpes.jpg<\/a><\/li>\n<li>P\u00e9pellin Florian, Vue de la place Saint-L\u00e9ger, partag\u00e9 sous licence\u00a0CC-BY-SA 3.0, disponible en ligne sur\u00a0<a href=\"https:\/\/commons.wikimedia.org\/wiki\/File:Commerces_Place_Saint-L\u00e9ger_(Chamb\u00e9ry).JPG?uselang=fr\">https:\/\/commons.wikimedia.org\/wiki\/File:Commerces_Place_Saint-L\u00e9ger_(Chamb\u00e9ry).JPG?uselang=fr<\/a><\/li>\n<li>Fran\u00e7ois73, Chamb\u00e9ry El\u00e9phants, disponible sur\u00a0<a href=\"https:\/\/commons.wikimedia.org\/wiki\/File%3AChamberyelephants.JPG\">https:\/\/commons.wikimedia.org\/wiki\/File%3AChamberyelephants.JPG<\/a><\/li>\n<li>Champ de lavande en Provence, Par Jialiang Gao www.peace-on-earth.org \u2014 Original Photograph, CC BY-SA 3.0, https:\/\/commons.wikimedia.org\/w\/index.php?curid=1453532<\/li>\n<li>Gilles P\u00e9ris y Saborit, Le lac de Belledonne et les Grandes Rousses, partag\u00e9 sous licence CC-BY-NC 2.0, disponible en ligne sur\u00a0<a href=\"https:\/\/www.flickr.com\/photos\/42250269@N06\/16959245448\/\" target=\"_blank\" rel=\"noopener noreferrer\">https:\/\/www.flickr.com\/photos\/42250269@N06\/16959245448\/<\/a><\/li>\n<\/ul>\n<p>Les autres \u00e9l\u00e9ments graphiques sont la propri\u00e9t\u00e9 pleine et enti\u00e8re de l\u2019<span class=\"caps\">A.P.D.E.N.<\/span>\u00a0Ces \u00e9l\u00e9ments graphiques regroupent en particulier, sans que cette liste soit limitative,\u00a0les cr\u00e9ations graphiques originales des r\u00e9dacteurs, le logo de l\u2019<span class=\"caps\">A.P.D.E.N.<\/span>&#8230;<\/p>\n<\/div>\n<\/div>\n<p>&nbsp;<\/p>\n","protected":false},"excerpt":{"rendered":"<p>En application de la loi n\u00b02004-575 du 21 juin 2004 relative \u00e0 la confiance dans l\u2019\u00e9conomie num\u00e9rique, vous trouverez ci-dessous les informations l\u00e9gales concernant ce site :\u00a0 Responsabilit\u00e9s H\u00e9bergeur\u00a0:\u00a0http:\/\/wordpress.com apdengrenoble.wordpress.com\u00a0est un site de l\u2019A.P.D.E.N. Grenoble\u00a0(Association des professeurs documentalistes de l\u2019\u00e9ducation nationale dans l&rsquo;acad\u00e9mie de Grenoble &#8211; ex\u00a0FADBEN), association loi 1901. Contact : grenoble@apden.org Directeur de &#8230; <a title=\"Cr\u00e9dits du site &#8211; Mentions l\u00e9gales\" class=\"read-more\" href=\"https:\/\/www.apdengrenoble.org\/index.php\/credits-du-site-mentions-legales\/\" aria-label=\"En savoir plus sur Cr\u00e9dits du site &#8211; Mentions l\u00e9gales\">Lire la suite<\/a><\/p>\n","protected":false},"author":1,"featured_media":0,"parent":0,"menu_order":0,"comment_status":"closed","ping_status":"closed","template":"","meta":{"spay_email":"","footnotes":""},"class_list":["post-152","page","type-page","status-publish"],"_links":{"self":[{"href":"https:\/\/www.apdengrenoble.org\/index.php\/wp-json\/wp\/v2\/pages\/152","targetHints":{"allow":["GET"]}}],"collection":[{"href":"https:\/\/www.apdengrenoble.org\/index.php\/wp-json\/wp\/v2\/pages"}],"about":[{"href":"https:\/\/www.apdengrenoble.org\/index.php\/wp-json\/wp\/v2\/types\/page"}],"author":[{"embeddable":true,"href":"https:\/\/www.apdengrenoble.org\/index.php\/wp-json\/wp\/v2\/users\/1"}],"replies":[{"embeddable":true,"href":"https:\/\/www.apdengrenoble.org\/index.php\/wp-json\/wp\/v2\/comments?post=152"}],"version-history":[{"count":0,"href":"https:\/\/www.apdengrenoble.org\/index.php\/wp-json\/wp\/v2\/pages\/152\/revisions"}],"wp:attachment":[{"href":"https:\/\/www.apdengrenoble.org\/index.php\/wp-json\/wp\/v2\/media?parent=152"}],"curies":[{"name":"wp","href":"https:\/\/api.w.org\/{rel}","templated":true}]}}